{"id":371,"date":"2024-12-08T11:32:00","date_gmt":"2024-12-08T11:32:00","guid":{"rendered":"https:\/\/joaofranciscotavora.com\/?page_id=371"},"modified":"2025-08-29T00:38:46","modified_gmt":"2025-08-29T00:38:46","slug":"contacts","status":"publish","type":"page","link":"https:\/\/joaofranciscotavora.com\/index.php\/contacts\/","title":{"rendered":"Contacts"},"content":{"rendered":"\t\t<div data-elementor-type=\"wp-page\" data-elementor-id=\"371\" class=\"elementor elementor-371\" data-elementor-post-type=\"page\">\n\t\t\t\t<div class=\"elementor-element elementor-element-616f64e e-flex e-con-boxed e-con e-parent\" data-id=\"616f64e\" data-element_type=\"container\" data-settings=\"{&quot;background_background&quot;:&quot;classic&quot;}\">\n\t\t\t\t\t<div class=\"e-con-inner\">\n\t\t<div class=\"elementor-element elementor-element-dea37e4 e-con-full e-flex e-con e-child\" data-id=\"dea37e4\" data-element_type=\"container\" data-settings=\"{&quot;background_background&quot;:&quot;classic&quot;}\">\n\t\t\t\t<\/div>\n\t\t<div class=\"elementor-element elementor-element-02c4af7 e-con-full e-flex e-con e-child\" data-id=\"02c4af7\" data-element_type=\"container\">\n\t\t\t\t<div class=\"elementor-element elementor-element-17b4e8c elementor-widget elementor-widget-heading\" data-id=\"17b4e8c\" data-element_type=\"widget\" data-widget_type=\"heading.default\">\n\t\t\t\t<div class=\"elementor-widget-container\">\n\t\t\t<h2 class=\"elementor-heading-title elementor-size-default\">Contact<\/h2>\t\t<\/div>\n\t\t\t\t<\/div>\n\t\t\t\t<div class=\"elementor-element elementor-element-3dba364 elementor-widget elementor-widget-text-editor\" data-id=\"3dba364\" data-element_type=\"widget\" data-widget_type=\"text-editor.default\">\n\t\t\t\t<div class=\"elementor-widget-container\">\n\t\t\t\t\t\t\t<p><span style=\"font-weight: 400;\">For information about concert programs, masterclasses and private lessons, please contact me:<\/span><\/p><p><strong>e-mail <\/strong><span style=\"color: #ffffff;\"><a style=\"color: #ffffff;\" href=\"mailto:johannesfranciscus.antiqua@hotmail.com\">johannesfranciscus.antiqua@hotmail.com<\/a><\/span><\/p><p><span style=\"font-weight: 400;\"><strong>phone<\/strong><span style=\"color: #ffffff;\"><strong>\u00a0<\/strong>+351 911549694<\/span><\/span><\/p>\t\t\t\t\t\t<\/div>\n\t\t\t\t<\/div>\n\t\t\t\t<div class=\"elementor-element elementor-element-74848fd elementor-widget__width-initial elementor-widget-tablet__width-initial elementor-widget elementor-widget-heading\" data-id=\"74848fd\" data-element_type=\"widget\" data-widget_type=\"heading.default\">\n\t\t\t\t<div class=\"elementor-widget-container\">\n\t\t\t<h2 class=\"elementor-heading-title elementor-size-default\">Concert management and booking<\/h2>\t\t<\/div>\n\t\t\t\t<\/div>\n\t\t\t\t<div class=\"elementor-element elementor-element-dd27d03 elementor-widget elementor-widget-text-editor\" data-id=\"dd27d03\" data-element_type=\"widget\" data-widget_type=\"text-editor.default\">\n\t\t\t\t<div class=\"elementor-widget-container\">\n\t\t\t\t\t\t\t<p><strong>Raquel Fonseca Produ\u00e7\u00f5es<br \/><\/strong><span style=\"color: #ffffff;\"><a style=\"color: #ffffff;\" href=\"mailto:raquelfonseca.producoes@gmail.com\"><span style=\"font-weight: 400;\">raquelfonseca.producoes@gmail.com<\/span><\/a><\/span><\/p>\t\t\t\t\t\t<\/div>\n\t\t\t\t<\/div>\n\t\t\t\t<div class=\"elementor-element elementor-element-e5570e5 elementor-widget elementor-widget-heading\" data-id=\"e5570e5\" data-element_type=\"widget\" data-widget_type=\"heading.default\">\n\t\t\t\t<div class=\"elementor-widget-container\">\n\t\t\t<h2 class=\"elementor-heading-title elementor-size-default\">Address<\/h2>\t\t<\/div>\n\t\t\t\t<\/div>\n\t\t\t\t<div class=\"elementor-element elementor-element-4337146 elementor-widget elementor-widget-text-editor\" data-id=\"4337146\" data-element_type=\"widget\" data-widget_type=\"text-editor.default\">\n\t\t\t\t<div class=\"elementor-widget-container\">\n\t\t\t\t\t\t\t<p><span style=\"font-weight: 400;\">Tarostra\u00dfe 12, 310<br \/><\/span><span style=\"font-weight: 400;\">04103 Leipzig<br \/><\/span><span style=\"font-weight: 400;\">Germany <\/span><\/p><p><br style=\"font-weight: 400;\" \/><br style=\"font-weight: 400;\" \/><\/p>\t\t\t\t\t\t<\/div>\n\t\t\t\t<\/div>\n\t\t\t\t<\/div>\n\t\t\t\t\t<\/div>\n\t\t\t\t<\/div>\n\t\t\t\t<\/div>\n\t\t","protected":false},"excerpt":{"rendered":"<p>Contact For information about concert programs, masterclasses and private lessons, please contact me: e-mail johannesfranciscus.antiqua@hotmail.com phone\u00a0+351 911549694 Concert management and booking Raquel Fonseca Produ\u00e7\u00f5esraquelfonseca.producoes@gmail.com Address Tarostra\u00dfe 12, 31004103 LeipzigGermany<\/p>\n","protected":false},"author":2,"featured_media":0,"parent":0,"menu_order":0,"comment_status":"closed","ping_status":"closed","template":"","meta":{"footnotes":""},"class_list":["post-371","page","type-page","status-publish","hentry"],"yoast_head":"<!-- This site is optimized with the Yoast SEO plugin v25.6 - https:\/\/yoast.com\/wordpress\/plugins\/seo\/ -->\n<title>Contacts - Jo\u00e3o Francisco T\u00e1vora - Recorder<\/title>\n<meta name=\"robots\" content=\"index, follow, max-snippet:-1, max-image-preview:large, max-video-preview:-1\" \/>\n<link rel=\"canonical\" href=\"https:\/\/joaofranciscotavora.com\/index.php\/contacts\/\" \/>\n<meta property=\"og:locale\" content=\"en_US\" \/>\n<meta property=\"og:type\" content=\"article\" \/>\n<meta property=\"og:title\" content=\"Contacts - Jo\u00e3o Francisco T\u00e1vora - Recorder\" \/>\n<meta property=\"og:description\" content=\"Contact For information about concert programs, masterclasses and private lessons, please contact me: e-mail johannesfranciscus.antiqua@hotmail.com phone\u00a0+351 911549694 Concert management and booking Raquel Fonseca Produ\u00e7\u00f5esraquelfonseca.producoes@gmail.com Address Tarostra\u00dfe 12, 31004103 LeipzigGermany\" \/>\n<meta property=\"og:url\" content=\"https:\/\/joaofranciscotavora.com\/index.php\/contacts\/\" \/>\n<meta property=\"og:site_name\" content=\"Jo\u00e3o Francisco T\u00e1vora - Recorder\" \/>\n<meta property=\"article:publisher\" content=\"https:\/\/www.facebook.com\/joaofrancisco.tavora\" \/>\n<meta property=\"article:modified_time\" content=\"2025-08-29T00:38:46+00:00\" \/>\n<meta name=\"twitter:card\" content=\"summary_large_image\" \/>\n<meta name=\"twitter:label1\" content=\"Est. reading time\" \/>\n\t<meta name=\"twitter:data1\" content=\"1 minute\" \/>\n<script type=\"application\/ld+json\" class=\"yoast-schema-graph\">{\"@context\":\"https:\/\/schema.org\",\"@graph\":[{\"@type\":\"WebPage\",\"@id\":\"https:\/\/joaofranciscotavora.com\/index.php\/contacts\/\",\"url\":\"https:\/\/joaofranciscotavora.com\/index.php\/contacts\/\",\"name\":\"Contacts - Jo\u00e3o Francisco T\u00e1vora - Recorder\",\"isPartOf\":{\"@id\":\"https:\/\/joaofranciscotavora.com\/#website\"},\"datePublished\":\"2024-12-08T11:32:00+00:00\",\"dateModified\":\"2025-08-29T00:38:46+00:00\",\"breadcrumb\":{\"@id\":\"https:\/\/joaofranciscotavora.com\/index.php\/contacts\/#breadcrumb\"},\"inLanguage\":\"en-US\",\"potentialAction\":[{\"@type\":\"ReadAction\",\"target\":[\"https:\/\/joaofranciscotavora.com\/index.php\/contacts\/\"]}]},{\"@type\":\"BreadcrumbList\",\"@id\":\"https:\/\/joaofranciscotavora.com\/index.php\/contacts\/#breadcrumb\",\"itemListElement\":[{\"@type\":\"ListItem\",\"position\":1,\"name\":\"Home\",\"item\":\"https:\/\/joaofranciscotavora.com\/\"},{\"@type\":\"ListItem\",\"position\":2,\"name\":\"Contacts\"}]},{\"@type\":\"WebSite\",\"@id\":\"https:\/\/joaofranciscotavora.com\/#website\",\"url\":\"https:\/\/joaofranciscotavora.com\/\",\"name\":\"Jo\u00e3o Francisco T\u00e1vora - Recorder\",\"description\":\"\",\"publisher\":{\"@id\":\"https:\/\/joaofranciscotavora.com\/#organization\"},\"potentialAction\":[{\"@type\":\"SearchAction\",\"target\":{\"@type\":\"EntryPoint\",\"urlTemplate\":\"https:\/\/joaofranciscotavora.com\/?s={search_term_string}\"},\"query-input\":{\"@type\":\"PropertyValueSpecification\",\"valueRequired\":true,\"valueName\":\"search_term_string\"}}],\"inLanguage\":\"en-US\"},{\"@type\":\"Organization\",\"@id\":\"https:\/\/joaofranciscotavora.com\/#organization\",\"name\":\"Jo\u00e3o Francisco T\u00e1vora - Recorder\",\"url\":\"https:\/\/joaofranciscotavora.com\/\",\"logo\":{\"@type\":\"ImageObject\",\"inLanguage\":\"en-US\",\"@id\":\"https:\/\/joaofranciscotavora.com\/#\/schema\/logo\/image\/\",\"url\":\"https:\/\/joaofranciscotavora.com\/wp-content\/uploads\/2024\/11\/JFT.png\",\"contentUrl\":\"https:\/\/joaofranciscotavora.com\/wp-content\/uploads\/2024\/11\/JFT.png\",\"width\":1200,\"height\":107,\"caption\":\"Jo\u00e3o Francisco T\u00e1vora - Recorder\"},\"image\":{\"@id\":\"https:\/\/joaofranciscotavora.com\/#\/schema\/logo\/image\/\"},\"sameAs\":[\"https:\/\/www.facebook.com\/joaofrancisco.tavora\",\"https:\/\/www.instagram.com\/tavora_recorder\"]}]}<\/script>\n<!-- \/ Yoast SEO plugin. -->","yoast_head_json":{"title":"Contacts - Jo\u00e3o Francisco T\u00e1vora - Recorder","robots":{"index":"index","follow":"follow","max-snippet":"max-snippet:-1","max-image-preview":"max-image-preview:large","max-video-preview":"max-video-preview:-1"},"canonical":"https:\/\/joaofranciscotavora.com\/index.php\/contacts\/","og_locale":"en_US","og_type":"article","og_title":"Contacts - Jo\u00e3o Francisco T\u00e1vora - Recorder","og_description":"Contact For information about concert programs, masterclasses and private lessons, please contact me: e-mail johannesfranciscus.antiqua@hotmail.com phone\u00a0+351 911549694 Concert management and booking Raquel Fonseca Produ\u00e7\u00f5esraquelfonseca.producoes@gmail.com Address Tarostra\u00dfe 12, 31004103 LeipzigGermany","og_url":"https:\/\/joaofranciscotavora.com\/index.php\/contacts\/","og_site_name":"Jo\u00e3o Francisco T\u00e1vora - Recorder","article_publisher":"https:\/\/www.facebook.com\/joaofrancisco.tavora","article_modified_time":"2025-08-29T00:38:46+00:00","twitter_card":"summary_large_image","twitter_misc":{"Est. reading time":"1 minute"},"schema":{"@context":"https:\/\/schema.org","@graph":[{"@type":"WebPage","@id":"https:\/\/joaofranciscotavora.com\/index.php\/contacts\/","url":"https:\/\/joaofranciscotavora.com\/index.php\/contacts\/","name":"Contacts - Jo\u00e3o Francisco T\u00e1vora - Recorder","isPartOf":{"@id":"https:\/\/joaofranciscotavora.com\/#website"},"datePublished":"2024-12-08T11:32:00+00:00","dateModified":"2025-08-29T00:38:46+00:00","breadcrumb":{"@id":"https:\/\/joaofranciscotavora.com\/index.php\/contacts\/#breadcrumb"},"inLanguage":"en-US","potentialAction":[{"@type":"ReadAction","target":["https:\/\/joaofranciscotavora.com\/index.php\/contacts\/"]}]},{"@type":"BreadcrumbList","@id":"https:\/\/joaofranciscotavora.com\/index.php\/contacts\/#breadcrumb","itemListElement":[{"@type":"ListItem","position":1,"name":"Home","item":"https:\/\/joaofranciscotavora.com\/"},{"@type":"ListItem","position":2,"name":"Contacts"}]},{"@type":"WebSite","@id":"https:\/\/joaofranciscotavora.com\/#website","url":"https:\/\/joaofranciscotavora.com\/","name":"Jo\u00e3o Francisco T\u00e1vora - Recorder","description":"","publisher":{"@id":"https:\/\/joaofranciscotavora.com\/#organization"},"potentialAction":[{"@type":"SearchAction","target":{"@type":"EntryPoint","urlTemplate":"https:\/\/joaofranciscotavora.com\/?s={search_term_string}"},"query-input":{"@type":"PropertyValueSpecification","valueRequired":true,"valueName":"search_term_string"}}],"inLanguage":"en-US"},{"@type":"Organization","@id":"https:\/\/joaofranciscotavora.com\/#organization","name":"Jo\u00e3o Francisco T\u00e1vora - Recorder","url":"https:\/\/joaofranciscotavora.com\/","logo":{"@type":"ImageObject","inLanguage":"en-US","@id":"https:\/\/joaofranciscotavora.com\/#\/schema\/logo\/image\/","url":"https:\/\/joaofranciscotavora.com\/wp-content\/uploads\/2024\/11\/JFT.png","contentUrl":"https:\/\/joaofranciscotavora.com\/wp-content\/uploads\/2024\/11\/JFT.png","width":1200,"height":107,"caption":"Jo\u00e3o Francisco T\u00e1vora - Recorder"},"image":{"@id":"https:\/\/joaofranciscotavora.com\/#\/schema\/logo\/image\/"},"sameAs":["https:\/\/www.facebook.com\/joaofrancisco.tavora","https:\/\/www.instagram.com\/tavora_recorder"]}]}},"_links":{"self":[{"href":"https:\/\/joaofranciscotavora.com\/index.php\/wp-json\/wp\/v2\/pages\/371","targetHints":{"allow":["GET"]}}],"collection":[{"href":"https:\/\/joaofranciscotavora.com\/index.php\/wp-json\/wp\/v2\/pages"}],"about":[{"href":"https:\/\/joaofranciscotavora.com\/index.php\/wp-json\/wp\/v2\/types\/page"}],"author":[{"embeddable":true,"href":"https:\/\/joaofranciscotavora.com\/index.php\/wp-json\/wp\/v2\/users\/2"}],"replies":[{"embeddable":true,"href":"https:\/\/joaofranciscotavora.com\/index.php\/wp-json\/wp\/v2\/comments?post=371"}],"version-history":[{"count":7,"href":"https:\/\/joaofranciscotavora.com\/index.php\/wp-json\/wp\/v2\/pages\/371\/revisions"}],"predecessor-version":[{"id":436,"href":"https:\/\/joaofranciscotavora.com\/index.php\/wp-json\/wp\/v2\/pages\/371\/revisions\/436"}],"wp:attachment":[{"href":"https:\/\/joaofranciscotavora.com\/index.php\/wp-json\/wp\/v2\/media?parent=371"}],"curies":[{"name":"wp","href":"https:\/\/api.w.org\/{rel}","templated":true}]}}